{"id":2131,"date":"2026-02-27T09:23:28","date_gmt":"2026-02-27T09:23:28","guid":{"rendered":"https:\/\/tc-kleinwallstadt.de\/?page_id=2131"},"modified":"2026-03-08T14:56:18","modified_gmt":"2026-03-08T14:56:18","slug":"ortsmeisterschaft-25-027-2026","status":"publish","type":"page","link":"https:\/\/tc-kleinwallstadt.de\/?page_id=2131","title":{"rendered":"Ortsmeisterschaft 25.07.2026"},"content":{"rendered":"\n<p>Seid dabei, wenn am <strong>25. Juli<\/strong> unsere <strong>Tennis-Ortsmeisterschaft<\/strong> stattfindet! &#x1f60d;<\/p>\n\n\n\n<p>Egal ob <strong>Firmen<\/strong>, <strong>Vereine<\/strong>, <strong>Freundesgruppen<\/strong>\u2013 <strong>alle<\/strong> sind herzlich eingeladen, mitzumachen \u2013 <strong>unabh\u00e4ngig von der Ortschaft!<\/strong><\/p>\n\n\n\n<p><strong>Anf\u00e4nger oder Hobbyspieler?<\/strong> Kein Problem \u2013 der Spa\u00df steht im Vordergrund!<\/p>\n\n\n\n<p>Spielberechtigt sind alle Tennisbegeisterten ab 18 Jahren &#8211; vom Freizeitspieler bis zur kompletten Anf\u00e4ngerin.<\/p>\n\n\n\n<p>Nicht spielberechtigt sind aktive Tennisspielerinnen und -spieler, die seit 2021 mehr als ein Saisonspiel in der Medenrunde absolviert haben.<\/p>\n\n\n\n<p>Teilnahmegeb\u00fchr:<br>Die Teilnahmegeb\u00fchr betr\u00e4gt \u20ac 25,00 pro Team<\/p>\n\n\n\n<p>Gespielt wird immer im Doppel-Modus. Egal ob w\/w, m\/m oder w\/m &#8211; der Spa\u00df soll f\u00fcr alle im Vordergrund stehen.<\/p>\n\n\n\n<p><strong>Anmeldung<\/strong>:<\/p>\n\n\n<div class=\"frm_forms  with_frm_style frm_style_formidable-stil\" id=\"frm_form_2_container\" data-token=\"7e4a642c0625d297602953a73be568cc\">\n<form enctype=\"multipart\/form-data\" method=\"post\" class=\"frm-show-form  frm_js_validate \" id=\"form_anmeldung-ortsmeisterschaft\" data-token=\"7e4a642c0625d297602953a73be568cc\">\n<div class=\"frm_form_fields \">\n<fieldset>\n<legend class=\"frm_screen_reader\">Anmeldung Ortsmeisterschaft<\/legend>\r\n\r\n<div class=\"frm_fields_container\">\n<input type=\"hidden\" name=\"frm_action\" value=\"create\" \/>\n<input type=\"hidden\" name=\"form_id\" value=\"2\" \/>\n<input type=\"hidden\" name=\"frm_hide_fields_2\" id=\"frm_hide_fields_2\" value=\"\" \/>\n<input type=\"hidden\" name=\"form_key\" value=\"anmeldung-ortsmeisterschaft\" \/>\n<input type=\"hidden\" name=\"item_meta[0]\" value=\"\" \/>\n<input type=\"hidden\" id=\"frm_submit_entry_2\" name=\"frm_submit_entry_2\" value=\"176aa51451\" \/><input type=\"hidden\" name=\"_wp_http_referer\" value=\"\/index.php?rest_route=%2Fwp%2Fv2%2Fpages%2F2131\" \/><div id=\"frm_field_7_container\" class=\"frm_form_field form-field  frm_required_field frm_top_container\">\r\n\t<label for=\"field_knjpa\" id=\"field_knjpa_label\" class=\"frm_primary_label\">Teamname\r\n\t\t<span class=\"frm_required\" aria-hidden=\"true\">*<\/span>\r\n\t<\/label>\r\n\t<input type=\"text\" id=\"field_knjpa\" name=\"item_meta[7]\" value=\"\"  data-reqmsg=\"Teamname kann nicht leer sein.\" aria-required=\"true\" data-invmsg=\"Teamname ist ung\u00fcltig\" aria-invalid=\"false\"  \/>\r\n\t\r\n\t\r\n<\/div>\n<div id=\"frm_field_8_container\" class=\"frm_form_field form-field  frm_required_field frm_top_container\">\r\n\t<div  id=\"field_kvtx0_label\" class=\"frm_primary_label\">Spielername 1\r\n\t\t<span class=\"frm_required\" aria-hidden=\"true\">*<\/span>\r\n\t<\/div>\r\n\t<fieldset aria-labelledby=\"field_kvtx0_label\">\n\t<legend class=\"frm_screen_reader frm_hidden\">\n\t\tSpielername 1\t<\/legend>\n\n\t<div  class=\"frm_combo_inputs_container\" id=\"frm_combo_inputs_container_8\" data-name-layout=\"first_last\">\n\t\t\t\t\t<div\n\t\t\t\tid=\"frm_field_8-first_container\"\n\t\t\t\tclass=\"frm_form_field form-field frm_form_subfield-first  frm6\"\n\t\t\t\tdata-sub-field-name=\"first\"\n\t\t\t>\n\t\t\t\t<label for=\"field_kvtx0_first\" class=\"frm_screen_reader frm_hidden\">\n\t\t\t\t\tVorname\t\t\t\t<\/label>\n\n\t\t\t\t<input  type=\"text\" id=\"field_kvtx0_first\" value=\"\" name=\"item_meta[8][first]\" autocomplete=\"given-name\" data-reqmsg=\"Spielername 1 kann nicht leer sein.\" aria-required=\"true\" data-invmsg=\"Spielername 1 ist ung\u00fcltig\" aria-invalid=\"false\"  \/><div class=\"frm_description\" id=\"frm_field_8_first_desc\">Vorname<\/div>\t\t\t<\/div>\n\t\t\t\t\t\t<div\n\t\t\t\tid=\"frm_field_8-last_container\"\n\t\t\t\tclass=\"frm_form_field form-field frm_form_subfield-last  frm6\"\n\t\t\t\tdata-sub-field-name=\"last\"\n\t\t\t>\n\t\t\t\t<label for=\"field_kvtx0_last\" class=\"frm_screen_reader frm_hidden\">\n\t\t\t\t\tNachname\t\t\t\t<\/label>\n\n\t\t\t\t<input  type=\"text\" id=\"field_kvtx0_last\" value=\"\" name=\"item_meta[8][last]\" autocomplete=\"family-name\" data-reqmsg=\"Spielername 1 kann nicht leer sein.\" aria-required=\"true\" data-invmsg=\"Spielername 1 ist ung\u00fcltig\" aria-invalid=\"false\"  \/><div class=\"frm_description\" id=\"frm_field_8_last_desc\">Nachname<\/div>\t\t\t<\/div>\n\t\t\t\t<\/div>\n<\/fieldset>\n\r\n\t\r\n\t\r\n<\/div>\n<div id=\"frm_field_9_container\" class=\"frm_form_field form-field  frm_required_field frm_top_container\">\r\n\t<div  id=\"field_xrl1d_label\" class=\"frm_primary_label\">Spielername 2\r\n\t\t<span class=\"frm_required\" aria-hidden=\"true\">*<\/span>\r\n\t<\/div>\r\n\t<fieldset aria-labelledby=\"field_xrl1d_label\">\n\t<legend class=\"frm_screen_reader frm_hidden\">\n\t\tSpielername 2\t<\/legend>\n\n\t<div  class=\"frm_combo_inputs_container\" id=\"frm_combo_inputs_container_9\" data-name-layout=\"first_last\">\n\t\t\t\t\t<div\n\t\t\t\tid=\"frm_field_9-first_container\"\n\t\t\t\tclass=\"frm_form_field form-field frm_form_subfield-first  frm6\"\n\t\t\t\tdata-sub-field-name=\"first\"\n\t\t\t>\n\t\t\t\t<label for=\"field_xrl1d_first\" class=\"frm_screen_reader frm_hidden\">\n\t\t\t\t\tVorname\t\t\t\t<\/label>\n\n\t\t\t\t<input  type=\"text\" id=\"field_xrl1d_first\" value=\"\" name=\"item_meta[9][first]\" data-reqmsg=\"Spielername 2 kann nicht leer sein.\" aria-required=\"true\" data-invmsg=\"Spielername 2 ist ung\u00fcltig\" aria-invalid=\"false\"  \/><div class=\"frm_description\" id=\"frm_field_9_first_desc\">Vorname<\/div>\t\t\t<\/div>\n\t\t\t\t\t\t<div\n\t\t\t\tid=\"frm_field_9-last_container\"\n\t\t\t\tclass=\"frm_form_field form-field frm_form_subfield-last  frm6\"\n\t\t\t\tdata-sub-field-name=\"last\"\n\t\t\t>\n\t\t\t\t<label for=\"field_xrl1d_last\" class=\"frm_screen_reader frm_hidden\">\n\t\t\t\t\tNachname\t\t\t\t<\/label>\n\n\t\t\t\t<input  type=\"text\" id=\"field_xrl1d_last\" value=\"\" name=\"item_meta[9][last]\" data-reqmsg=\"Spielername 2 kann nicht leer sein.\" aria-required=\"true\" data-invmsg=\"Spielername 2 ist ung\u00fcltig\" aria-invalid=\"false\"  \/><div class=\"frm_description\" id=\"frm_field_9_last_desc\">Nachname<\/div>\t\t\t<\/div>\n\t\t\t\t<\/div>\n<\/fieldset>\n\r\n\t\r\n\t\r\n<\/div>\n<div id=\"frm_field_10_container\" class=\"frm_form_field form-field  frm_required_field frm_top_container\">\r\n\t<label for=\"field_7x4x3\" id=\"field_7x4x3_label\" class=\"frm_primary_label\">E-Mail\r\n\t\t<span class=\"frm_required\" aria-hidden=\"true\">*<\/span>\r\n\t<\/label>\r\n\t<input type=\"email\" id=\"field_7x4x3\" name=\"item_meta[10]\" value=\"\"  data-reqmsg=\"E-Mail kann nicht leer sein.\" aria-required=\"true\" data-invmsg=\"E-Mail ist ung\u00fcltig\" aria-invalid=\"false\"  \/>\r\n\t\r\n\t\r\n<\/div>\n<div id=\"frm_field_11_container\" class=\"frm_form_field form-field  frm_required_field frm_top_container\">\r\n\t<label for=\"field_jfy7t\" id=\"field_jfy7t_label\" class=\"frm_primary_label\">Telefon\r\n\t\t<span class=\"frm_required\" aria-hidden=\"true\">*<\/span>\r\n\t<\/label>\r\n\t<input type=\"tel\" id=\"field_jfy7t\" name=\"item_meta[11]\" value=\"\"  data-reqmsg=\"Telefon kann nicht leer sein.\" aria-required=\"true\" data-invmsg=\"Telefon ist ung\u00fcltig\" aria-invalid=\"false\" pattern=\"((\\+\\d{1,3}(-|.| )?\\(?\\d\\)?(-| |.)?\\d{1,5})|(\\(?\\d{2,6}\\)?))(-|.| )?(\\d{3,4})(-|.| )?(\\d{4})(( x| ext)\\d{1,5}){0,1}$\"  \/>\r\n\t\r\n\t\r\n<\/div>\n<div id=\"frm_field_6_container\" class=\"frm_form_field form-field \">\r\n\t<div class=\"frm_submit frm_flex\">\r\n<button class=\"frm_button_submit\" type=\"submit\"  >Senden<\/button>\r\n\r\n\r\n\r\n<\/div>\r\n<\/div>\n\t<input type=\"hidden\" name=\"item_key\" value=\"\" \/>\n\t\t\t<div id=\"frm_field_12_container\">\n\t\t\t<label for=\"field_diwym\" >\n\t\t\t\tFalls Du menschlich bist, lasse dieses Feld leer.\t\t\t<\/label>\n\t\t\t<input  id=\"field_diwym\" type=\"text\" class=\"frm_form_field form-field frm_verify\" name=\"item_meta[12]\" value=\"\"  \/>\n\t\t<\/div>\n\t\t<input name=\"frm_state\" type=\"hidden\" value=\"zHaldvEwWXex2LCyOmfKAXAX4AIDNQbf4v4+GYCRh0E=\" \/><\/div>\n<\/fieldset>\n<\/div>\n\n<p style=\"display: none !important;\" class=\"akismet-fields-container\" data-prefix=\"ak_\"><label>&#916;<textarea name=\"ak_hp_textarea\" cols=\"45\" rows=\"8\" maxlength=\"100\"><\/textarea><\/label><input type=\"hidden\" id=\"ak_js_1\" name=\"ak_js\" value=\"43\"\/><script>\ndocument.getElementById( \"ak_js_1\" ).setAttribute( \"value\", ( new Date() ).getTime() );\n<\/script>\n<\/p><\/form>\n<\/div>\n\n\n\n<figure class=\"wp-block-image size-large\"><img loading=\"lazy\" decoding=\"async\" width=\"819\" height=\"1024\" src=\"https:\/\/tc-kleinwallstadt.de\/wp-content\/uploads\/2026\/03\/IMG-20260306-WA0038-819x1024.jpg\" alt=\"\" class=\"wp-image-2149\" srcset=\"https:\/\/tc-kleinwallstadt.de\/wp-content\/uploads\/2026\/03\/IMG-20260306-WA0038-819x1024.jpg 819w, https:\/\/tc-kleinwallstadt.de\/wp-content\/uploads\/2026\/03\/IMG-20260306-WA0038-240x300.jpg 240w, https:\/\/tc-kleinwallstadt.de\/wp-content\/uploads\/2026\/03\/IMG-20260306-WA0038-768x960.jpg 768w, https:\/\/tc-kleinwallstadt.de\/wp-content\/uploads\/2026\/03\/IMG-20260306-WA0038.jpg 1080w\" sizes=\"auto, (max-width: 819px) 85vw, 819px\" \/><\/figure>\n","protected":false},"excerpt":{"rendered":"<p>Seid dabei, wenn am 25. Juli unsere Tennis-Ortsmeisterschaft stattfindet! &#x1f60d; Egal ob Firmen, Vereine, Freundesgruppen\u2013 alle sind herzlich eingeladen, mitzumachen \u2013 unabh\u00e4ngig von der Ortschaft! Anf\u00e4nger oder Hobbyspieler? Kein Problem \u2013 der Spa\u00df steht im Vordergrund! Spielberechtigt sind alle Tennisbegeisterten ab 18 Jahren &#8211; vom Freizeitspieler bis zur kompletten Anf\u00e4ngerin. Nicht spielberechtigt sind aktive Tennisspielerinnen &hellip; <a href=\"https:\/\/tc-kleinwallstadt.de\/?page_id=2131\" class=\"more-link\"><span class=\"screen-reader-text\">\u201eOrtsmeisterschaft 25.07.2026\u201c<\/span> weiterlesen<\/a><\/p>\n","protected":false},"author":4,"featured_media":0,"parent":0,"menu_order":0,"comment_status":"closed","ping_status":"closed","template":"","meta":{"inline_featured_image":false,"footnotes":""},"class_list":["post-2131","page","type-page","status-publish","hentry"],"_links":{"self":[{"href":"https:\/\/tc-kleinwallstadt.de\/index.php?rest_route=\/wp\/v2\/pages\/2131","targetHints":{"allow":["GET"]}}],"collection":[{"href":"https:\/\/tc-kleinwallstadt.de\/index.php?rest_route=\/wp\/v2\/pages"}],"about":[{"href":"https:\/\/tc-kleinwallstadt.de\/index.php?rest_route=\/wp\/v2\/types\/page"}],"author":[{"embeddable":true,"href":"https:\/\/tc-kleinwallstadt.de\/index.php?rest_route=\/wp\/v2\/users\/4"}],"replies":[{"embeddable":true,"href":"https:\/\/tc-kleinwallstadt.de\/index.php?rest_route=%2Fwp%2Fv2%2Fcomments&post=2131"}],"version-history":[{"count":6,"href":"https:\/\/tc-kleinwallstadt.de\/index.php?rest_route=\/wp\/v2\/pages\/2131\/revisions"}],"predecessor-version":[{"id":2150,"href":"https:\/\/tc-kleinwallstadt.de\/index.php?rest_route=\/wp\/v2\/pages\/2131\/revisions\/2150"}],"wp:attachment":[{"href":"https:\/\/tc-kleinwallstadt.de\/index.php?rest_route=%2Fwp%2Fv2%2Fmedia&parent=2131"}],"curies":[{"name":"wp","href":"https:\/\/api.w.org\/{rel}","templated":true}]}}