{"id":2121,"date":"2026-02-22T10:26:03","date_gmt":"2026-02-22T10:26:03","guid":{"rendered":"https:\/\/tc-kleinwallstadt.de\/?page_id=2121"},"modified":"2026-03-14T10:42:54","modified_gmt":"2026-03-14T10:42:54","slug":"medenrende-2026","status":"publish","type":"page","link":"https:\/\/tc-kleinwallstadt.de\/?page_id=2121","title":{"rendered":"Medenrunde 2026"},"content":{"rendered":"<p>Im Jahr 2026 nehmen wir mit 1 Kinder-, 3 Damen- und 2 Herrenmannschaften an der Medenrunde teil.<\/p>\n<p>Im Jugendbereich haben wir uns entschlossen, gemeinsam mit dem Tennisclub M\u00f6nchberg Spielgemeinschaften zu bilden, um m\u00f6glichst allen Jugendlichen die M\u00f6glichkeit zu geben, an der Medenrunde teilzunehmen und dadurch Spielpraxis zu sammeln.<\/p>\n<p>Um sich im sportlichen Wettkampf zu messen, werden zus\u00e4tzlich Freundschaftsspiele und Turniere organisiert<\/p>\n<p>Tabellen &amp; Spielpl\u00e4ne<\/p>\n<p><strong>Medenrunde<br \/>\n<\/strong>1. Kinder U8 <a href=\"https:\/\/www.btv.de\/de\/spielbetrieb\/tabelle-spielplan.html?groupid=2214863\">Tabelle-Spielplan (btv.de)<\/a><br \/>\n1. Damen\u00a0<a href=\"https:\/\/www.btv.de\/de\/spielbetrieb\/tabelle-spielplan.html?groupid=2214368\">Tabelle-Spielplan (btv.de)<\/a><br \/>\n1. Damen 30 <a href=\"https:\/\/www.btv.de\/de\/spielbetrieb\/tabelle-spielplan.html?groupid=2214568\">Tabelle-Spielplan (btv.de)<\/a><br \/>\n1. Damen 40\u00a0<a href=\"https:\/\/www.btv.de\/de\/spielbetrieb\/tabelle-spielplan.html?groupid=2165759\">Tabelle-Spielplan (btv.de)<\/a><br \/>\n1. Herren <a href=\"https:\/\/www.btv.de\/de\/spielbetrieb\/tabelle-spielplan.html?groupid=2214343\">Tabelle-Spielplan (btv.de)<\/a><br \/>\n1. Herren 50 <a href=\"https:\/\/www.btv.de\/de\/spielbetrieb\/tabelle-spielplan.html?groupid=2214513\">Tabelle-Spielplan (btv.de)<\/a><\/p>\n","protected":false},"excerpt":{"rendered":"<p>Im Jahr 2026 nehmen wir mit 1 Kinder-, 3 Damen- und 2 Herrenmannschaften an der Medenrunde teil. Im Jugendbereich haben wir uns entschlossen, gemeinsam mit dem Tennisclub M\u00f6nchberg Spielgemeinschaften zu bilden, um m\u00f6glichst allen Jugendlichen die M\u00f6glichkeit zu geben, an der Medenrunde teilzunehmen und dadurch Spielpraxis zu sammeln. Um sich im sportlichen Wettkampf zu messen, &hellip; <a href=\"https:\/\/tc-kleinwallstadt.de\/?page_id=2121\" class=\"more-link\"><span class=\"screen-reader-text\">\u201eMedenrunde 2026\u201c<\/span> weiterlesen<\/a><\/p>\n","protected":false},"author":4,"featured_media":0,"parent":0,"menu_order":0,"comment_status":"closed","ping_status":"closed","template":"","meta":{"inline_featured_image":false,"footnotes":""},"class_list":["post-2121","page","type-page","status-publish","hentry"],"_links":{"self":[{"href":"https:\/\/tc-kleinwallstadt.de\/index.php?rest_route=\/wp\/v2\/pages\/2121","targetHints":{"allow":["GET"]}}],"collection":[{"href":"https:\/\/tc-kleinwallstadt.de\/index.php?rest_route=\/wp\/v2\/pages"}],"about":[{"href":"https:\/\/tc-kleinwallstadt.de\/index.php?rest_route=\/wp\/v2\/types\/page"}],"author":[{"embeddable":true,"href":"https:\/\/tc-kleinwallstadt.de\/index.php?rest_route=\/wp\/v2\/users\/4"}],"replies":[{"embeddable":true,"href":"https:\/\/tc-kleinwallstadt.de\/index.php?rest_route=%2Fwp%2Fv2%2Fcomments&post=2121"}],"version-history":[{"count":4,"href":"https:\/\/tc-kleinwallstadt.de\/index.php?rest_route=\/wp\/v2\/pages\/2121\/revisions"}],"predecessor-version":[{"id":2173,"href":"https:\/\/tc-kleinwallstadt.de\/index.php?rest_route=\/wp\/v2\/pages\/2121\/revisions\/2173"}],"wp:attachment":[{"href":"https:\/\/tc-kleinwallstadt.de\/index.php?rest_route=%2Fwp%2Fv2%2Fmedia&parent=2121"}],"curies":[{"name":"wp","href":"https:\/\/api.w.org\/{rel}","templated":true}]}}