{"id":2012,"date":"2025-03-15T10:09:36","date_gmt":"2025-03-15T10:09:36","guid":{"rendered":"https:\/\/tc-kleinwallstadt.de\/?page_id=2012"},"modified":"2025-08-13T14:55:10","modified_gmt":"2025-08-13T14:55:10","slug":"medenrunde-2025","status":"publish","type":"page","link":"https:\/\/tc-kleinwallstadt.de\/?page_id=2012","title":{"rendered":"Meden, Mixed und Winterrunde 2025"},"content":{"rendered":"<p>Im Jahr 2025 nehmen wir mit 2 Damen und 1 Herrenmannschaften an der Medenrunde teil.<\/p>\n<p>Im Jugendbereich haben wir uns entschlossen, gemeinsam mit dem Tennisclub M\u00f6nchberg Spielgemeinschaften zu bilden, um m\u00f6glichst allen Jugendlichen die M\u00f6glichkeit zu geben, an der Medenrunde teilzunehmen und dadurch Spielpraxis zu sammeln.<\/p>\n<p>Um sich im sportlichen Wettkampf zu messen, werden zus\u00e4tzlich Freundschaftsspiele und Turniere organisiert<\/p>\n<p>Tabellen &amp; Spielpl\u00e4ne<\/p>\n<p><strong>Medenrunde<\/strong><br \/>\n1. Damen\u00a0<a href=\"https:\/\/www.btv.de\/de\/spielbetrieb\/tabelle-spielplan.html?groupid=2077336\">Tabelle-Spielplan (btv.de)<\/a><br \/>\n1. Damen 40\u00a0<a href=\"https:\/\/www.btv.de\/de\/spielbetrieb\/tabelle-spielplan.html?groupid=2085458\">Tabelle-Spielplan (btv.de)<\/a><br \/>\n1. Herren 50 <a href=\"https:\/\/www.btv.de\/de\/spielbetrieb\/tabelle-spielplan.html?groupid=2077467\">Tabelle-Spielplan (btv.de)<\/a><\/p>\n<p><strong>Mixedrunde<\/strong><br \/>\n1. Mixed <a href=\"https:\/\/www.btv.de\/de\/spielbetrieb\/tabelle-spielplan.html?groupid=2103475\">Tabelle-Spielplan (btv.de)<\/a><\/p>\n<p>Winterrunde<br \/>\n1. Damen 40 <a href=\"https:\/\/www.btv.de\/de\/spielbetrieb\/tabelle-spielplan.html?groupid=2106425\">Tabelle-Spielplan (btv.de)<\/a><\/p>\n","protected":false},"excerpt":{"rendered":"<p>Im Jahr 2025 nehmen wir mit 2 Damen und 1 Herrenmannschaften an der Medenrunde teil. Im Jugendbereich haben wir uns entschlossen, gemeinsam mit dem Tennisclub M\u00f6nchberg Spielgemeinschaften zu bilden, um m\u00f6glichst allen Jugendlichen die M\u00f6glichkeit zu geben, an der Medenrunde teilzunehmen und dadurch Spielpraxis zu sammeln. Um sich im sportlichen Wettkampf zu messen, werden zus\u00e4tzlich &hellip; <a href=\"https:\/\/tc-kleinwallstadt.de\/?page_id=2012\" class=\"more-link\"><span class=\"screen-reader-text\">\u201eMeden, Mixed und Winterrunde 2025\u201c<\/span> weiterlesen<\/a><\/p>\n","protected":false},"author":4,"featured_media":0,"parent":1810,"menu_order":0,"comment_status":"closed","ping_status":"closed","template":"","meta":{"inline_featured_image":false,"footnotes":""},"class_list":["post-2012","page","type-page","status-publish","hentry"],"_links":{"self":[{"href":"https:\/\/tc-kleinwallstadt.de\/index.php?rest_route=\/wp\/v2\/pages\/2012","targetHints":{"allow":["GET"]}}],"collection":[{"href":"https:\/\/tc-kleinwallstadt.de\/index.php?rest_route=\/wp\/v2\/pages"}],"about":[{"href":"https:\/\/tc-kleinwallstadt.de\/index.php?rest_route=\/wp\/v2\/types\/page"}],"author":[{"embeddable":true,"href":"https:\/\/tc-kleinwallstadt.de\/index.php?rest_route=\/wp\/v2\/users\/4"}],"replies":[{"embeddable":true,"href":"https:\/\/tc-kleinwallstadt.de\/index.php?rest_route=%2Fwp%2Fv2%2Fcomments&post=2012"}],"version-history":[{"count":3,"href":"https:\/\/tc-kleinwallstadt.de\/index.php?rest_route=\/wp\/v2\/pages\/2012\/revisions"}],"predecessor-version":[{"id":2114,"href":"https:\/\/tc-kleinwallstadt.de\/index.php?rest_route=\/wp\/v2\/pages\/2012\/revisions\/2114"}],"up":[{"embeddable":true,"href":"https:\/\/tc-kleinwallstadt.de\/index.php?rest_route=\/wp\/v2\/pages\/1810"}],"wp:attachment":[{"href":"https:\/\/tc-kleinwallstadt.de\/index.php?rest_route=%2Fwp%2Fv2%2Fmedia&parent=2012"}],"curies":[{"name":"wp","href":"https:\/\/api.w.org\/{rel}","templated":true}]}}