{"id":1927,"date":"2024-01-13T12:57:04","date_gmt":"2024-01-13T12:57:04","guid":{"rendered":"https:\/\/tc-kleinwallstadt.de\/?page_id=1927"},"modified":"2024-07-14T17:24:48","modified_gmt":"2024-07-14T17:24:48","slug":"medenrunde-2024","status":"publish","type":"page","link":"https:\/\/tc-kleinwallstadt.de\/?page_id=1927","title":{"rendered":"Meden-, Mixedrunde &amp; After Work 2024"},"content":{"rendered":"<p>Im Jahr 2024 nehmen wir mit 2 Damen und 3 Herrenmannschaften an der Medenrunde teil.<br \/>\nAm After Work nehmen wir mit 2 Damenmannschaften teil<br \/>\nIm Jugendbereich haben wir uns entschlossen, gemeinsam mit dem Tennisclub M\u00f6nchberg Spielgemeinschaften zu bilden, um m\u00f6glichst allen Jugendlichen die M\u00f6glichkeit zu geben, an der Medenrunde teilzunehmen und dadurch Spielpraxis zu sammeln.<\/p>\n<p>Um sich im sportlichen Wettkampf zu messen, werden zus\u00e4tzlich Freundschaftsspiele und Turniere organisiert<\/p>\n<p>Tabellen &amp; Spielpl\u00e4ne<\/p>\n<p><strong>Medenrunde<\/strong><br \/>\n1. Damen\u00a0<a href=\"https:\/\/www.btv.de\/de\/spielbetrieb\/tabelle-spielplan.html?groupid=1963553\">Tabelle-Spielplan (btv.de)<\/a><br \/>\n1. Damen 40\u00a0<a href=\"https:\/\/www.btv.de\/de\/spielbetrieb\/tabelle-spielplan.html?groupid=1963754\">Tabelle-Spielplan (btv.de)<\/a><br \/>\n1. Herren 40 <a href=\"https:\/\/www.btv.de\/de\/spielbetrieb\/tabelle-spielplan.html?groupid=1963667\">Tabelle-Spielplan (btv.de)<\/a><br \/>\n1. Herren 50\u00a0<a href=\"https:\/\/www.btv.de\/de\/spielbetrieb\/tabelle-spielplan.html?groupid=1963686\">Tabelle-Spielplan (btv.de)<\/a><\/p>\n<p><strong>After Work\u00a0<\/strong><br \/>\nDamen <a href=\"https:\/\/www.btv.de\/de\/spielbetrieb\/tabelle-spielplan.html?groupid=1970273\">Tabelle-Spielplan (btv.de)<\/a><br \/>\nDamen 40 <a href=\"https:\/\/www.btv.de\/de\/spielbetrieb\/tabelle-spielplan.html?groupid=1970307\">Tabelle-Spielplan (btv.de)<\/a><\/p>\n<p><strong>Mixedrunde<\/strong><br \/>\nMixed 40 <a href=\"https:\/\/www.btv.de\/de\/spielbetrieb\/tabelle-spielplan.html?groupid=1973196\">Tabelle-Spielplan (btv.de)<\/a><\/p>\n","protected":false},"excerpt":{"rendered":"<p>Im Jahr 2024 nehmen wir mit 2 Damen und 3 Herrenmannschaften an der Medenrunde teil. Am After Work nehmen wir mit 2 Damenmannschaften teil Im Jugendbereich haben wir uns entschlossen, gemeinsam mit dem Tennisclub M\u00f6nchberg Spielgemeinschaften zu bilden, um m\u00f6glichst allen Jugendlichen die M\u00f6glichkeit zu geben, an der Medenrunde teilzunehmen und dadurch Spielpraxis zu sammeln. &hellip; <a href=\"https:\/\/tc-kleinwallstadt.de\/?page_id=1927\" class=\"more-link\"><span class=\"screen-reader-text\">\u201eMeden-, Mixedrunde &amp; After Work 2024\u201c<\/span> weiterlesen<\/a><\/p>\n","protected":false},"author":4,"featured_media":0,"parent":1810,"menu_order":0,"comment_status":"closed","ping_status":"closed","template":"","meta":{"inline_featured_image":false,"footnotes":""},"class_list":["post-1927","page","type-page","status-publish","hentry"],"_links":{"self":[{"href":"https:\/\/tc-kleinwallstadt.de\/index.php?rest_route=\/wp\/v2\/pages\/1927","targetHints":{"allow":["GET"]}}],"collection":[{"href":"https:\/\/tc-kleinwallstadt.de\/index.php?rest_route=\/wp\/v2\/pages"}],"about":[{"href":"https:\/\/tc-kleinwallstadt.de\/index.php?rest_route=\/wp\/v2\/types\/page"}],"author":[{"embeddable":true,"href":"https:\/\/tc-kleinwallstadt.de\/index.php?rest_route=\/wp\/v2\/users\/4"}],"replies":[{"embeddable":true,"href":"https:\/\/tc-kleinwallstadt.de\/index.php?rest_route=%2Fwp%2Fv2%2Fcomments&post=1927"}],"version-history":[{"count":11,"href":"https:\/\/tc-kleinwallstadt.de\/index.php?rest_route=\/wp\/v2\/pages\/1927\/revisions"}],"predecessor-version":[{"id":1988,"href":"https:\/\/tc-kleinwallstadt.de\/index.php?rest_route=\/wp\/v2\/pages\/1927\/revisions\/1988"}],"up":[{"embeddable":true,"href":"https:\/\/tc-kleinwallstadt.de\/index.php?rest_route=\/wp\/v2\/pages\/1810"}],"wp:attachment":[{"href":"https:\/\/tc-kleinwallstadt.de\/index.php?rest_route=%2Fwp%2Fv2%2Fmedia&parent=1927"}],"curies":[{"name":"wp","href":"https:\/\/api.w.org\/{rel}","templated":true}]}}