{"id":1829,"date":"2024-03-29T13:39:42","date_gmt":"2024-03-29T13:39:42","guid":{"rendered":"http:\/\/tc-kleinwallstadt.de\/?page_id=1829"},"modified":"2024-04-22T17:00:56","modified_gmt":"2024-04-22T17:00:56","slug":"trainerteam","status":"publish","type":"page","link":"https:\/\/tc-kleinwallstadt.de\/?page_id=1829","title":{"rendered":"Trainerteam"},"content":{"rendered":"\n<p class=\"has-medium-font-size\"><strong>HAMID PEPIKJ<\/strong><\/p>\n\n\n\n<div class=\"wp-block-columns is-layout-flex wp-container-core-columns-is-layout-9d6595d7 wp-block-columns-is-layout-flex\">\n<div class=\"wp-block-column is-layout-flow wp-block-column-is-layout-flow\" style=\"flex-basis:37%\">\n<figure class=\"wp-block-image size-large\"><img loading=\"lazy\" decoding=\"async\" width=\"554\" height=\"1024\" src=\"https:\/\/tc-kleinwallstadt.de\/wp-content\/uploads\/2024\/03\/Hamid-554x1024.jpg\" alt=\"\" class=\"wp-image-1946\" srcset=\"https:\/\/tc-kleinwallstadt.de\/wp-content\/uploads\/2024\/03\/Hamid-554x1024.jpg 554w, https:\/\/tc-kleinwallstadt.de\/wp-content\/uploads\/2024\/03\/Hamid-162x300.jpg 162w, https:\/\/tc-kleinwallstadt.de\/wp-content\/uploads\/2024\/03\/Hamid.jpg 672w\" sizes=\"auto, (max-width: 554px) 85vw, 554px\" \/><\/figure>\n\n\n\n<p><\/p>\n<\/div>\n\n\n\n<div class=\"wp-block-column is-layout-flow wp-block-column-is-layout-flow\" style=\"flex-basis:63%\">\n<p> Trainer<\/p>\n\n\n\n<p><br>ehemaliger Bundestrainer von Nordmazedonien<br>10 Jahre Erfahrung im Play-and-Stay-Tennis, im Jugend- und Erwachsenen-, Team- und im Einzel-Coaching.<br>Bachelor Abschluss in Fitness und Zertifikaten des ITF Coach Education Programm<\/p>\n<\/div>\n<\/div>\n\n\n\n<p><strong>Stationen:<\/strong><br>2013 &#8211; 2019 Tennisclub JUG &#8211; Skopje, Nordmazedonien<br>2015 &#8211; 2018 Bundestrainer von Nordmazedonien<br>2019 &#8211; 2023 Tennis Academy Jovanovski &#8211; Obernburg, Elsenfeld, Alzenau, M\u00f6nchberg<br><\/p>\n\n\n\n<p><strong>Ausbildung<\/strong>:<br><em>Fakult\u00e4t f\u00fcr psychische Bildung, Sport und Gesundheit<\/em><br>Bachelor of Fitness (2019)<br><br><em>ITF Trainerausbildung<\/em><br>2013 Play and Stay Tennis<br>2015 Level 1<br>2018 Level 2<\/p>\n\n\n\n<p><\/p>\n","protected":false},"excerpt":{"rendered":"<p>HAMID PEPIKJ Trainer ehemaliger Bundestrainer von Nordmazedonien10 Jahre Erfahrung im Play-and-Stay-Tennis, im Jugend- und Erwachsenen-, Team- und im Einzel-Coaching.Bachelor Abschluss in Fitness und Zertifikaten des ITF Coach Education Programm Stationen:2013 &#8211; 2019 Tennisclub JUG &#8211; Skopje, Nordmazedonien2015 &#8211; 2018 Bundestrainer von Nordmazedonien2019 &#8211; 2023 Tennis Academy Jovanovski &#8211; Obernburg, Elsenfeld, Alzenau, M\u00f6nchberg Ausbildung:Fakult\u00e4t f\u00fcr psychische &hellip; <a href=\"https:\/\/tc-kleinwallstadt.de\/?page_id=1829\" class=\"more-link\"><span class=\"screen-reader-text\">\u201eTrainerteam\u201c<\/span> weiterlesen<\/a><\/p>\n","protected":false},"author":4,"featured_media":0,"parent":0,"menu_order":0,"comment_status":"closed","ping_status":"closed","template":"","meta":{"inline_featured_image":false,"footnotes":""},"class_list":["post-1829","page","type-page","status-publish","hentry"],"_links":{"self":[{"href":"https:\/\/tc-kleinwallstadt.de\/index.php?rest_route=\/wp\/v2\/pages\/1829","targetHints":{"allow":["GET"]}}],"collection":[{"href":"https:\/\/tc-kleinwallstadt.de\/index.php?rest_route=\/wp\/v2\/pages"}],"about":[{"href":"https:\/\/tc-kleinwallstadt.de\/index.php?rest_route=\/wp\/v2\/types\/page"}],"author":[{"embeddable":true,"href":"https:\/\/tc-kleinwallstadt.de\/index.php?rest_route=\/wp\/v2\/users\/4"}],"replies":[{"embeddable":true,"href":"https:\/\/tc-kleinwallstadt.de\/index.php?rest_route=%2Fwp%2Fv2%2Fcomments&post=1829"}],"version-history":[{"count":5,"href":"https:\/\/tc-kleinwallstadt.de\/index.php?rest_route=\/wp\/v2\/pages\/1829\/revisions"}],"predecessor-version":[{"id":1966,"href":"https:\/\/tc-kleinwallstadt.de\/index.php?rest_route=\/wp\/v2\/pages\/1829\/revisions\/1966"}],"wp:attachment":[{"href":"https:\/\/tc-kleinwallstadt.de\/index.php?rest_route=%2Fwp%2Fv2%2Fmedia&parent=1829"}],"curies":[{"name":"wp","href":"https:\/\/api.w.org\/{rel}","templated":true}]}}