{"id":1810,"date":"2020-03-28T12:32:37","date_gmt":"2020-03-28T12:32:37","guid":{"rendered":"http:\/\/tc-kleinwallstadt.de\/?page_id=1810"},"modified":"2026-03-14T10:48:28","modified_gmt":"2026-03-14T10:48:28","slug":"medenrunde-2020","status":"publish","type":"page","link":"https:\/\/tc-kleinwallstadt.de\/?page_id=1810","title":{"rendered":"Spielbetrieb"},"content":{"rendered":"\n<p>Nat\u00fcrlich geht es auch bei uns darum sich im sportlichen Vergleiche mit anderen Mannschaften zu messen. Sei es in der Medenrunde, bei Freundschaftsspielen oder bei Turnieren.<br><a href=\"https:\/\/tc-kleinwallstadt.de\/?page_id=2121\">Weitere Info&#8217;s zur Meden- &amp; Mixedrunde 2026<\/a><\/p>\n\n\n\n<p><\/p>\n\n\n\n<p>Um die Grundlagen f\u00fcr das Tennisspiel zu legen oder seine Leistungen zu verbessern haben wir ein ausgebildetes Trainerteam, welches selbst auf hohem Niveau spielt.<br>Die Trainer-\/innen f\u00fchren Neumitglieder in die Schlagtechniken ein, helfen Spielern ihr Niveau zu verbessern und sorgen f\u00fcr taktisches Training.<br>Unser Sportwart gibt gerne weitere Ausk\u00fcnfte \u00fcber die M\u00f6glichkeiten des Trainings.<br><br><strong>Unser <a href=\"https:\/\/tc-kleinwallstadt.de\/?page_id=1829\">Trainerteam<\/a><\/strong><\/p>\n\n\n\n<p><\/p>\n","protected":false},"excerpt":{"rendered":"<p>Nat\u00fcrlich geht es auch bei uns darum sich im sportlichen Vergleiche mit anderen Mannschaften zu messen. Sei es in der Medenrunde, bei Freundschaftsspielen oder bei Turnieren.Weitere Info&#8217;s zur Meden- &amp; Mixedrunde 2026 Um die Grundlagen f\u00fcr das Tennisspiel zu legen oder seine Leistungen zu verbessern haben wir ein ausgebildetes Trainerteam, welches selbst auf hohem Niveau &hellip; <a href=\"https:\/\/tc-kleinwallstadt.de\/?page_id=1810\" class=\"more-link\"><span class=\"screen-reader-text\">\u201eSpielbetrieb\u201c<\/span> weiterlesen<\/a><\/p>\n","protected":false},"author":1,"featured_media":0,"parent":0,"menu_order":0,"comment_status":"closed","ping_status":"closed","template":"","meta":{"inline_featured_image":false,"footnotes":""},"class_list":["post-1810","page","type-page","status-publish","hentry"],"_links":{"self":[{"href":"https:\/\/tc-kleinwallstadt.de\/index.php?rest_route=\/wp\/v2\/pages\/1810","targetHints":{"allow":["GET"]}}],"collection":[{"href":"https:\/\/tc-kleinwallstadt.de\/index.php?rest_route=\/wp\/v2\/pages"}],"about":[{"href":"https:\/\/tc-kleinwallstadt.de\/index.php?rest_route=\/wp\/v2\/types\/page"}],"author":[{"embeddable":true,"href":"https:\/\/tc-kleinwallstadt.de\/index.php?rest_route=\/wp\/v2\/users\/1"}],"replies":[{"embeddable":true,"href":"https:\/\/tc-kleinwallstadt.de\/index.php?rest_route=%2Fwp%2Fv2%2Fcomments&post=1810"}],"version-history":[{"count":14,"href":"https:\/\/tc-kleinwallstadt.de\/index.php?rest_route=\/wp\/v2\/pages\/1810\/revisions"}],"predecessor-version":[{"id":2176,"href":"https:\/\/tc-kleinwallstadt.de\/index.php?rest_route=\/wp\/v2\/pages\/1810\/revisions\/2176"}],"wp:attachment":[{"href":"https:\/\/tc-kleinwallstadt.de\/index.php?rest_route=%2Fwp%2Fv2%2Fmedia&parent=1810"}],"curies":[{"name":"wp","href":"https:\/\/api.w.org\/{rel}","templated":true}]}}