{"id":1676,"date":"2020-03-14T17:57:56","date_gmt":"2020-03-14T17:57:56","guid":{"rendered":"http:\/\/tc-kleinwallstadt.de\/?page_id=1676"},"modified":"2020-03-14T19:54:30","modified_gmt":"2020-03-14T19:54:30","slug":"historie","status":"publish","type":"page","link":"https:\/\/tc-kleinwallstadt.de\/?page_id=1676","title":{"rendered":"Historie"},"content":{"rendered":"\n<p><strong>Gr\u00fcndung im Jahr 1970<\/strong> <br>Nach einer informativen Zusammenkunft am 25.09.1970 trafen sich am 6. November 1970 zahlreiche Freunde des Tennissports zu einer konstituierenden Versammlung. 32 Anwesende haben dann mit ihrer Unterschrift den Verein aus der Taufe gehoben. Nach der Wahl des ersten Vorsitzenden lag das Hauptaugenmerk auf dem Bau der Tennisanlage.<br><br><strong>Bau der ersten Pl\u00e4tze im Jahr 1971<\/strong><br>Nachdem verschiedene Standorte f\u00fcr die Tennispl\u00e4tze erwogen, wieder verworfen und neue vorgeschlagen wurden, stellte die Gemeinde Kleinwallstadt am 30. November 1970, in einem einstimmigen Beschluss, die Bockwiese (in Erbpacht) zur Verf\u00fcgung. Am 30.04.1971 erhielt die Baufirma Trautmann aus Sulzbach den Auftrag f\u00fcr die Schiebearbeiten von 2 Tennispl\u00e4tzen und die Firma Tennis &#8211; Becker aus Wiesbaden den Auftrag f\u00fcr den Bau der Pl\u00e4tze. Die restlichen Arbeiten wurden aus Ersparnisgr\u00fcnden durch Eigenleistungen der Mitglieder erbracht. Am 17. Juli 1971 war es dann soweit: Einweihung der Pl\u00e4tze mit einer Feier. Am 28.10.1971 wurde der TCK als 50. Club in den BLSV aufgenommen.<br><br><strong>Erweiterung der Anlage 1972\/1973<\/strong><br>Durch die wachsende Zahl der Mitglieder wurde in einer au\u00dferordentlichen Generalversammlung am 04.07.1972 beschlossen die Anlage um zwei Pl\u00e4tze zu erweitern. Am 4. Oktober 1972 erfolgte die Vergabe der Arbeiten und gleichzeitig wurde der Beschluss gefasst, dass jedes m\u00e4nnliche Mitglied 20 Arbeitsstunden f\u00fcr den Bau eines Clubhauses aufzubringen habe. Im Sommer 1973 konnte auf den Pl\u00e4tzen 3 und 4 mit dem Spielbetrieb begonnen werden.<br><strong><br>Bau des Clubheimes 1976\/1977<\/strong><br>Durch die Medenspiele und der damit verbundenen Anreise ausw\u00e4rtiger Mannschaften wurde das Problem Clubheim immer brisanter. In einer au\u00dferordentlichen Generalversammlung am 04. April 1976 entschied sich die Mehrheit der Mitglieder f\u00fcr den Bau eines Clubheims. Ende 1976 wurde dann mit den Bauarbeiten begonnen. In einer Gemeinschaftsleistung wurde unter der Leitung des Mitglieds Architekt Heinz Springer das Geb\u00e4ude errichtet. Abgesehen von Zimmermannsarbeiten, dem Fensterbau und den Fliesenlegerarbeiten geschah dies alles in Eigenleistung. Am 18.06.1977 wurde das Clubhaus dann feierlich eingeweiht.<br><br><strong>Erweiterung der Anlage 1983<\/strong><br>Durch den st\u00e4ndigen Zuwachs an Mitgliedern entschloss sich die Vorstandschaft 1982 dazu zwei weitere Pl\u00e4tze zu bauen. So wurde im Jahr 1983 mit dem Bau der Pl\u00e4tze begonnen, eine Ballwand errichtet und ein Ger\u00e4teschuppen gebaut. Im August 1983 wurden die Arbeiten abgeschlossen und die Pl\u00e4tze 5 und 6 zum Spielbetrieb freigegeben.<\/p>\n","protected":false},"excerpt":{"rendered":"<p>Gr\u00fcndung im Jahr 1970 Nach einer informativen Zusammenkunft am 25.09.1970 trafen sich am 6. November 1970 zahlreiche Freunde des Tennissports zu einer konstituierenden Versammlung. 32 Anwesende haben dann mit ihrer Unterschrift den Verein aus der Taufe gehoben. Nach der Wahl des ersten Vorsitzenden lag das Hauptaugenmerk auf dem Bau der Tennisanlage. Bau der ersten Pl\u00e4tze &hellip; <a href=\"https:\/\/tc-kleinwallstadt.de\/?page_id=1676\" class=\"more-link\"><span class=\"screen-reader-text\">\u201eHistorie\u201c<\/span> weiterlesen<\/a><\/p>\n","protected":false},"author":1,"featured_media":0,"parent":1673,"menu_order":0,"comment_status":"closed","ping_status":"closed","template":"","meta":{"inline_featured_image":false,"footnotes":""},"class_list":["post-1676","page","type-page","status-publish","hentry"],"_links":{"self":[{"href":"https:\/\/tc-kleinwallstadt.de\/index.php?rest_route=\/wp\/v2\/pages\/1676","targetHints":{"allow":["GET"]}}],"collection":[{"href":"https:\/\/tc-kleinwallstadt.de\/index.php?rest_route=\/wp\/v2\/pages"}],"about":[{"href":"https:\/\/tc-kleinwallstadt.de\/index.php?rest_route=\/wp\/v2\/types\/page"}],"author":[{"embeddable":true,"href":"https:\/\/tc-kleinwallstadt.de\/index.php?rest_route=\/wp\/v2\/users\/1"}],"replies":[{"embeddable":true,"href":"https:\/\/tc-kleinwallstadt.de\/index.php?rest_route=%2Fwp%2Fv2%2Fcomments&post=1676"}],"version-history":[{"count":4,"href":"https:\/\/tc-kleinwallstadt.de\/index.php?rest_route=\/wp\/v2\/pages\/1676\/revisions"}],"predecessor-version":[{"id":1729,"href":"https:\/\/tc-kleinwallstadt.de\/index.php?rest_route=\/wp\/v2\/pages\/1676\/revisions\/1729"}],"up":[{"embeddable":true,"href":"https:\/\/tc-kleinwallstadt.de\/index.php?rest_route=\/wp\/v2\/pages\/1673"}],"wp:attachment":[{"href":"https:\/\/tc-kleinwallstadt.de\/index.php?rest_route=%2Fwp%2Fv2%2Fmedia&parent=1676"}],"curies":[{"name":"wp","href":"https:\/\/api.w.org\/{rel}","templated":true}]}}